{"id":3,"date":"2026-04-01T15:22:43","date_gmt":"2026-04-01T15:22:43","guid":{"rendered":"https:\/\/jotaparts.fr\/?page_id=3"},"modified":"2026-04-17T15:40:53","modified_gmt":"2026-04-17T14:40:53","slug":"privacy-policy","status":"publish","type":"page","link":"https:\/\/jotaparts.fr\/en\/privacy-policy\/","title":{"rendered":"Politique de confidentialit\u00e9 &#8211; Jota Parts"},"content":{"rendered":"<h3 class=\"wp-block-wd-title title wd-6e99b748\">Qui sommes-nous ?<\/h3>\n\n\n\n<p class=\"wp-block-wd-paragraph wd-95ab84d5\">L\u2019adresse de notre site Web est : <strong><a href=\"https:\/\/jotaparts.fr\/en\/\" target=\"_blank\" rel=\"noreferrer noopener\">https:\/\/jotaparts.fr<\/a><\/strong>. Le site est \u00e9dit\u00e9 par la soci\u00e9t\u00e9 <strong>JOTA Parts<\/strong>, dont le si\u00e8ge social est situ\u00e9 en Alsace, France.<\/p>\n\n\n\n<h3 class=\"wp-block-wd-title title wd-9a4c3512\">Utilisation des donn\u00e9es personnelles collect\u00e9es<\/h3>\n\n\n\n<h4 class=\"wp-block-wd-title title wd-496190ff\">Commandes et cr\u00e9ation de compte<\/h4>\n\n\n\n<p class=\"wp-block-wd-paragraph wd-3f6b3b11\">Lorsque vous effectuez un achat sur notre boutique, nous vous demandons de fournir des informations incluant votre nom, adresse de facturation, adresse de livraison, adresse e-mail, num\u00e9ro de t\u00e9l\u00e9phone et donn\u00e9es de paiement. Nous utiliserons ces informations pour :<\/p>\n\n\n\n<ul class=\"wp-block-list\">\n<li>Vous envoyer des informations sur votre compte et votre commande.<\/li>\n\n\n\n<li>R\u00e9pondre aux demandes, incluant les remboursements et plaintes.<\/li>\n\n\n\n<li>Traiter les paiements et pr\u00e9venir la fraude.<\/li>\n\n\n\n<li>Configurer votre compte pour notre boutique.<\/li>\n\n\n\n<li>Nous conformer \u00e0 toute obligation l\u00e9gale, telle que le calcul des taxes.<\/li>\n<\/ul>\n\n\n\n<h4 class=\"wp-block-wd-title title wd-7630f27f\">Commentaires et Avis<\/h4>\n\n\n\n<p class=\"wp-block-wd-paragraph wd-6d29808f\">Quand vous laissez un commentaire ou un avis produit sur notre site web, les donn\u00e9es inscrites dans le formulaire de commentaire, ainsi que votre adresse IP et l\u2019agent utilisateur de votre navigateur sont collect\u00e9s pour nous aider \u00e0 la d\u00e9tection des commentaires ind\u00e9sirables.<\/p>\n\n\n\n<h4 class=\"wp-block-wd-title title wd-d5462b9f\">M\u00e9dias<\/h4>\n\n\n\n<p class=\"wp-block-wd-paragraph wd-1c19927a\">Si vous \u00eates un utilisateur ou une utilisatrice enregistr\u00e9(e) et que vous t\u00e9l\u00e9versez des images sur le site (par exemple pour illustrer un avis ou un montage de pi\u00e8ce), nous vous conseillons d\u2019\u00e9viter de t\u00e9l\u00e9verser des images contenant des donn\u00e9es EXIF de coordonn\u00e9es GPS. Les visiteurs de votre site web peuvent t\u00e9l\u00e9charger et extraire des donn\u00e9es de localisation depuis ces images.<\/p>\n\n\n\n<h4 class=\"wp-block-wd-title title wd-8f2e9770\">Formulaires de contact<\/h4>\n\n\n\n<p class=\"wp-block-wd-paragraph wd-b03f7f41\">Les informations soumises via nos formulaires de contact (nom, e-mail, contenu du message) sont conserv\u00e9es dans le seul but de r\u00e9pondre \u00e0 vos demandes concernant nos produits ou le suivi de vos commandes. Elles ne sont pas utilis\u00e9es \u00e0 des fins de prospection commerciale sans votre accord explicite.<\/p>\n\n\n\n<h4 class=\"wp-block-wd-title title wd-13c6afae\">Politique relative aux Cookies<sup><\/sup><\/h4>\n\n\n\n<p class=\"wp-block-wd-paragraph wd-ff651ecf\">Un cookie est un fichier texte de petite taille, identifi\u00e9 par un nom, qui peut \u00eatre transmis \u00e0 votre navigateur par notre site web. Conform\u00e9ment au RGPD et aux directives de la CNIL, JOTA Parts utilise les cat\u00e9gories de cookies suivantes :<\/p>\n\n\n\n<ul class=\"wp-block-list\">\n<li><strong>Cookies Techniques et Strictement N\u00e9cessaires :<\/strong> Indispensables au fonctionnement de la boutique (gestion du panier d&rsquo;achat, authentification, m\u00e9morisation des \u00e9tapes de paiement). Ils ne requi\u00e8rent pas de consentement pr\u00e9alable.<\/li>\n\n\n\n<li><strong>Cookies de Mesure d&rsquo;Audience :<\/strong> \u00c9tablissent des statistiques anonymes de fr\u00e9quentation pour optimiser l&rsquo;ergonomie du site.<\/li>\n\n\n\n<li><strong>Cookies de Fonctionnalit\u00e9 :<\/strong> M\u00e9morisent vos pr\u00e9f\u00e9rences d&rsquo;affichage pour fluidifier l&rsquo;exp\u00e9rience.<\/li>\n<\/ul>\n\n\n\n<p class=\"wp-block-wd-paragraph wd-697122dc\"><strong>Gestion du Consentement :<\/strong> Lors de votre premi\u00e8re connexion, un bandeau vous invite \u00e0 accepter ou refuser les cookies non essentiels. Vous pouvez configurer votre navigateur pour vous y opposer, bien que la d\u00e9sactivation des cookies techniques puisse bloquer la finalisation de vos commandes.<\/p>\n\n\n\n<h3 class=\"wp-block-wd-title title wd-5e4b05c8\">Utilisation et transmission de vos donn\u00e9es personnelles<\/h3>\n\n\n\n<p class=\"wp-block-wd-paragraph wd-7e05a427\">Nous partageons vos donn\u00e9es avec des tiers qui nous aident \u00e0 g\u00e9rer vos commandes et nos services :<\/p>\n\n\n\n<ul class=\"wp-block-list\">\n<li><strong>Paiements :<\/strong> Nous acceptons les paiements via des plateformes s\u00e9curis\u00e9es (Stripe, Apple Pay, Google Pay). Lors du traitement des paiements, certaines de vos donn\u00e9es seront transmises \u00e0 ces services, incluant les informations obligatoires \u00e0 l&rsquo;ex\u00e9cution du paiement, telles que le montant total ou les informations de facturation.<\/li>\n\n\n\n<li><strong>Exp\u00e9ditions :<\/strong> Vos coordonn\u00e9es de livraison (nom, adresse, num\u00e9ro de t\u00e9l\u00e9phone, e-mail) sont transmises \u00e0 nos partenaires de transport (Mondial Relay, Chronopost) exclusivement dans le but de g\u00e9n\u00e9rer les \u00e9tiquettes d&rsquo;exp\u00e9dition, d&rsquo;assurer la livraison de vos pi\u00e8ces et de vous fournir le suivi de votre colis.<\/li>\n<\/ul>\n\n\n\n<h3 class=\"wp-block-wd-title title wd-b845b93d\">Dur\u00e9es de stockage de vos donn\u00e9es<\/h3>\n\n\n\n<ul class=\"wp-block-list\">\n<li><strong>Cookies :<\/strong> La dur\u00e9e de validit\u00e9 du consentement est de 13 mois maximum. Les informations collect\u00e9es via les traceurs sont conserv\u00e9es pour une dur\u00e9e maximale de 25 mois.<\/li>\n\n\n\n<li><strong>Comptes clients :<\/strong> Nous stockons les informations personnelles indiqu\u00e9es dans les profils tant que le compte existe. Tous les utilisateurs peuvent voir, modifier ou supprimer leurs informations personnelles \u00e0 tout moment.<\/li>\n\n\n\n<li><strong>Commandes :<\/strong> Les informations relatives \u00e0 vos commandes (facturation, d\u00e9tail des achats) sont conserv\u00e9es pendant 10 ans pour des raisons strictement comptables et fiscales, conform\u00e9ment \u00e0 la loi fran\u00e7aise.<\/li>\n<\/ul>\n\n\n\n<h3 class=\"wp-block-wd-title title wd-7c57e164\">Les droits que vous avez sur vos donn\u00e9es<\/h3>\n\n\n\n<p class=\"wp-block-wd-paragraph wd-016fac41\">Si vous poss\u00e9dez un compte ou si vous avez laiss\u00e9 des commentaires sur le site, vous pouvez demander \u00e0 recevoir un fichier contenant toutes les donn\u00e9es personnelles que nous poss\u00e9dons \u00e0 votre sujet, incluant celles que vous nous avez fournies. Vous pouvez \u00e9galement demander la rectification, l&rsquo;opposition ou la suppression des donn\u00e9es \u00e0 caract\u00e8re personnel vous concernant. Cela ne prend pas en compte les donn\u00e9es stock\u00e9es \u00e0 des fins administratives, l\u00e9gales ou pour des raisons de s\u00e9curit\u00e9.<\/p>\n\n\n\n<h3 class=\"wp-block-wd-title title wd-9a30ca82\">O\u00f9 vos donn\u00e9es sont envoy\u00e9es<sup><\/sup><\/h3>\n\n\n\n<p class=\"wp-block-wd-paragraph wd-05ad8655\">Les donn\u00e9es de notre site sont h\u00e9berg\u00e9es sur des serveurs s\u00e9curis\u00e9s. Les transactions financi\u00e8res et les d\u00e9tections de spam peuvent transiter par des services tiers bas\u00e9s \u00e0 l&rsquo;\u00e9tranger. Nous nous assurons que ces prestataires respectent des standards stricts de protection des donn\u00e9es \u00e9quivalents au RGPD (via des clauses contractuelles types).<\/p>\n\n\n\n<h3 class=\"wp-block-wd-title title wd-ded06070\">Informations de contact<\/h3>\n\n\n\n<p class=\"wp-block-wd-paragraph wd-b683ebe9\">Pour toute demande relative \u00e0 l&rsquo;exercice de vos droits sur vos donn\u00e9es personnelles, vous pouvez contacter le service client de JOTA Parts via la page de contact de notre site ou en vous r\u00e9f\u00e9rant aux coordonn\u00e9es pr\u00e9sentes dans nos Mentions L\u00e9gales. Pour des informations compl\u00e9mentaires, vous pouvez consulter le site officiel de la CNIL (www.cnil.fr).<\/p>\n\n\n\n<h3 class=\"wp-block-wd-title title wd-e13f2219\">Informations suppl\u00e9mentaires<\/h3>\n\n\n\n<h4 class=\"wp-block-wd-title title wd-6b683fd0\">Comment nous prot\u00e9geons vos donn\u00e9es<\/h4>\n\n\n\n<p class=\"wp-block-wd-paragraph wd-5e41f605\">Le site JOTA Parts utilise le protocole HTTPS pour garantir le chiffrement des donn\u00e9es \u00e9chang\u00e9es entre votre navigateur et notre serveur, particuli\u00e8rement lors des phases de paiement. L&rsquo;acc\u00e8s \u00e0 l&rsquo;administration du site est strictement limit\u00e9 et prot\u00e9g\u00e9 par des mots de passe forts.<\/p>\n\n\n\n<h4 class=\"wp-block-wd-title title wd-d8b21398\">Proc\u00e9dures mises en \u0153uvre en cas de fuite de donn\u00e9es<\/h4>\n\n\n\n<p class=\"wp-block-wd-paragraph wd-379ce2e4\">En cas d&rsquo;incident de s\u00e9curit\u00e9 entra\u00eenant une violation de donn\u00e9es personnelles, nous nous engageons \u00e0 notifier la CNIL dans les d\u00e9lais l\u00e9gaux (72 heures). Si cette fuite pr\u00e9sente un risque \u00e9lev\u00e9 pour vos droits et libert\u00e9s, nous vous en informerons directement dans les plus brefs d\u00e9lais afin que vous puissiez prendre les mesures n\u00e9cessaires (modification de mot de passe, vigilance).<\/p>\n\n\n\n<p><\/p>","protected":false},"excerpt":{"rendered":"","protected":false},"author":1,"featured_media":0,"parent":0,"menu_order":0,"comment_status":"closed","ping_status":"closed","template":"","meta":{"footnotes":""},"class_list":["post-3","page","type-page","status-publish","hentry"],"yoast_head":"<!-- This site is optimized with the Yoast SEO plugin v27.4 - https:\/\/yoast.com\/product\/yoast-seo-wordpress\/ -->\n<title>Politique de confidentialit\u00e9 - Jota Parts - Jota Parts<\/title>\n<meta name=\"robots\" content=\"index, follow, max-snippet:-1, max-image-preview:large, max-video-preview:-1\" \/>\n<link rel=\"canonical\" href=\"https:\/\/jotaparts.fr\/en\/privacy-policy\/\" \/>\n<meta property=\"og:locale\" content=\"en_US\" \/>\n<meta property=\"og:type\" content=\"article\" \/>\n<meta property=\"og:title\" content=\"Politique de confidentialit\u00e9 - Jota Parts - Jota Parts\" \/>\n<meta property=\"og:url\" content=\"https:\/\/jotaparts.fr\/en\/privacy-policy\/\" \/>\n<meta property=\"og:site_name\" content=\"Jota Parts\" \/>\n<meta property=\"article:modified_time\" content=\"2026-04-17T14:40:53+00:00\" \/>\n<meta name=\"twitter:card\" content=\"summary_large_image\" \/>\n<meta name=\"twitter:label1\" content=\"Est. reading time\" \/>\n\t<meta name=\"twitter:data1\" content=\"5 minutes\" \/>\n<script type=\"application\/ld+json\" class=\"yoast-schema-graph\">{\"@context\":\"https:\\\/\\\/schema.org\",\"@graph\":[{\"@type\":\"WebPage\",\"@id\":\"https:\\\/\\\/jotaparts.fr\\\/privacy-policy\\\/\",\"url\":\"https:\\\/\\\/jotaparts.fr\\\/privacy-policy\\\/\",\"name\":\"Politique de confidentialit\u00e9 - Jota Parts - Jota Parts\",\"isPartOf\":{\"@id\":\"https:\\\/\\\/jotaparts.fr\\\/#website\"},\"datePublished\":\"2026-04-01T15:22:43+00:00\",\"dateModified\":\"2026-04-17T14:40:53+00:00\",\"breadcrumb\":{\"@id\":\"https:\\\/\\\/jotaparts.fr\\\/privacy-policy\\\/#breadcrumb\"},\"inLanguage\":\"en-US\",\"potentialAction\":[{\"@type\":\"ReadAction\",\"target\":[\"https:\\\/\\\/jotaparts.fr\\\/privacy-policy\\\/\"]}]},{\"@type\":\"BreadcrumbList\",\"@id\":\"https:\\\/\\\/jotaparts.fr\\\/privacy-policy\\\/#breadcrumb\",\"itemListElement\":[{\"@type\":\"ListItem\",\"position\":1,\"name\":\"Home\",\"item\":\"https:\\\/\\\/jotaparts.fr\\\/\"},{\"@type\":\"ListItem\",\"position\":2,\"name\":\"Politique de confidentialit\u00e9 &#8211; Jota Parts\"}]},{\"@type\":\"WebSite\",\"@id\":\"https:\\\/\\\/jotaparts.fr\\\/#website\",\"url\":\"https:\\\/\\\/jotaparts.fr\\\/\",\"name\":\"jotaparts.fr\",\"description\":\"Radical By Design\",\"publisher\":{\"@id\":\"https:\\\/\\\/jotaparts.fr\\\/#organization\"},\"potentialAction\":[{\"@type\":\"SearchAction\",\"target\":{\"@type\":\"EntryPoint\",\"urlTemplate\":\"https:\\\/\\\/jotaparts.fr\\\/?s={search_term_string}\"},\"query-input\":{\"@type\":\"PropertyValueSpecification\",\"valueRequired\":true,\"valueName\":\"search_term_string\"}}],\"inLanguage\":\"en-US\"},{\"@type\":\"Organization\",\"@id\":\"https:\\\/\\\/jotaparts.fr\\\/#organization\",\"name\":\"Jota Parts\",\"url\":\"https:\\\/\\\/jotaparts.fr\\\/\",\"logo\":{\"@type\":\"ImageObject\",\"inLanguage\":\"en-US\",\"@id\":\"https:\\\/\\\/jotaparts.fr\\\/#\\\/schema\\\/logo\\\/image\\\/\",\"url\":\"https:\\\/\\\/jotaparts.fr\\\/wp-content\\\/uploads\\\/2026\\\/04\\\/V2-PNG-scaled.png\",\"contentUrl\":\"https:\\\/\\\/jotaparts.fr\\\/wp-content\\\/uploads\\\/2026\\\/04\\\/V2-PNG-scaled.png\",\"width\":2560,\"height\":1396,\"caption\":\"Jota Parts\"},\"image\":{\"@id\":\"https:\\\/\\\/jotaparts.fr\\\/#\\\/schema\\\/logo\\\/image\\\/\"}}]}<\/script>\n<!-- \/ Yoast SEO plugin. -->","yoast_head_json":{"title":"Politique de confidentialit\u00e9 - Jota Parts - Jota Parts","robots":{"index":"index","follow":"follow","max-snippet":"max-snippet:-1","max-image-preview":"max-image-preview:large","max-video-preview":"max-video-preview:-1"},"canonical":"https:\/\/jotaparts.fr\/en\/privacy-policy\/","og_locale":"en_US","og_type":"article","og_title":"Politique de confidentialit\u00e9 - Jota Parts - Jota Parts","og_url":"https:\/\/jotaparts.fr\/en\/privacy-policy\/","og_site_name":"Jota Parts","article_modified_time":"2026-04-17T14:40:53+00:00","twitter_card":"summary_large_image","twitter_misc":{"Est. reading time":"5 minutes"},"schema":{"@context":"https:\/\/schema.org","@graph":[{"@type":"WebPage","@id":"https:\/\/jotaparts.fr\/privacy-policy\/","url":"https:\/\/jotaparts.fr\/privacy-policy\/","name":"Politique de confidentialit\u00e9 - Jota Parts - Jota Parts","isPartOf":{"@id":"https:\/\/jotaparts.fr\/#website"},"datePublished":"2026-04-01T15:22:43+00:00","dateModified":"2026-04-17T14:40:53+00:00","breadcrumb":{"@id":"https:\/\/jotaparts.fr\/privacy-policy\/#breadcrumb"},"inLanguage":"en-US","potentialAction":[{"@type":"ReadAction","target":["https:\/\/jotaparts.fr\/privacy-policy\/"]}]},{"@type":"BreadcrumbList","@id":"https:\/\/jotaparts.fr\/privacy-policy\/#breadcrumb","itemListElement":[{"@type":"ListItem","position":1,"name":"Home","item":"https:\/\/jotaparts.fr\/"},{"@type":"ListItem","position":2,"name":"Politique de confidentialit\u00e9 &#8211; Jota Parts"}]},{"@type":"WebSite","@id":"https:\/\/jotaparts.fr\/#website","url":"https:\/\/jotaparts.fr\/","name":"jotaparts.fr","description":"Radical By Design","publisher":{"@id":"https:\/\/jotaparts.fr\/#organization"},"potentialAction":[{"@type":"SearchAction","target":{"@type":"EntryPoint","urlTemplate":"https:\/\/jotaparts.fr\/?s={search_term_string}"},"query-input":{"@type":"PropertyValueSpecification","valueRequired":true,"valueName":"search_term_string"}}],"inLanguage":"en-US"},{"@type":"Organization","@id":"https:\/\/jotaparts.fr\/#organization","name":"Jota Parts","url":"https:\/\/jotaparts.fr\/","logo":{"@type":"ImageObject","inLanguage":"en-US","@id":"https:\/\/jotaparts.fr\/#\/schema\/logo\/image\/","url":"https:\/\/jotaparts.fr\/wp-content\/uploads\/2026\/04\/V2-PNG-scaled.png","contentUrl":"https:\/\/jotaparts.fr\/wp-content\/uploads\/2026\/04\/V2-PNG-scaled.png","width":2560,"height":1396,"caption":"Jota Parts"},"image":{"@id":"https:\/\/jotaparts.fr\/#\/schema\/logo\/image\/"}}]}},"_links":{"self":[{"href":"https:\/\/jotaparts.fr\/en\/wp-json\/wp\/v2\/pages\/3","targetHints":{"allow":["GET"]}}],"collection":[{"href":"https:\/\/jotaparts.fr\/en\/wp-json\/wp\/v2\/pages"}],"about":[{"href":"https:\/\/jotaparts.fr\/en\/wp-json\/wp\/v2\/types\/page"}],"author":[{"embeddable":true,"href":"https:\/\/jotaparts.fr\/en\/wp-json\/wp\/v2\/users\/1"}],"replies":[{"embeddable":true,"href":"https:\/\/jotaparts.fr\/en\/wp-json\/wp\/v2\/comments?post=3"}],"version-history":[{"count":3,"href":"https:\/\/jotaparts.fr\/en\/wp-json\/wp\/v2\/pages\/3\/revisions"}],"predecessor-version":[{"id":29569,"href":"https:\/\/jotaparts.fr\/en\/wp-json\/wp\/v2\/pages\/3\/revisions\/29569"}],"wp:attachment":[{"href":"https:\/\/jotaparts.fr\/en\/wp-json\/wp\/v2\/media?parent=3"}],"curies":[{"name":"wp","href":"https:\/\/api.w.org\/{rel}","templated":true}]}}